{"id":574,"date":"2023-11-12T21:47:16","date_gmt":"2023-11-12T19:47:16","guid":{"rendered":"https:\/\/eraamatupidajad.ee\/?page_id=574"},"modified":"2024-02-20T22:28:46","modified_gmt":"2024-02-20T20:28:46","slug":"tagasiside","status":"publish","type":"page","link":"https:\/\/eraamatupidajad.ee\/en\/tagasiside\/","title":{"rendered":"Customer feedback"},"content":{"rendered":"<div class=\"wpb-content-wrapper\"><p>[vc_row css_animation=&#8221;&#8221; row_type=&#8221;row&#8221; use_row_as_full_screen_section=&#8221;no&#8221; type=&#8221;grid&#8221; angled_section=&#8221;no&#8221; text_align=&#8221;left&#8221; background_image_as_pattern=&#8221;without_pattern&#8221; z_index=&#8221;&#8221; background_color=&#8221;#f6f6f6&#8243; padding_top=&#8221;80&#8243; padding_bottom=&#8221;20&#8243;][vc_column][qode_elements_holder background_color=&#8221;#ffffff&#8221; number_of_columns=&#8221;two_columns&#8221; columns_proportion=&#8221;25_75&#8243;][qode_elements_holder_item advanced_animations=&#8221;no&#8221; item_padding=&#8221;60px&#8221;][vc_single_image image=&#8221;724&#8243; img_size=&#8221;full&#8221; qode_css_animation=&#8221;&#8221;][\/qode_elements_holder_item][qode_elements_holder_item advanced_animations=&#8221;no&#8221; item_padding=&#8221;20px&#8221;][vc_column_text]\u201cThe support from Ederly raamatupidajad helps me focus on growing my business, knowing that the accounting is well taken care of and that competent help is just a phone call or an email away should any questions arise.\u201d.<\/p>\n<p><em><strong>Henrik Ojamaa &#8211; <a href=\"https:\/\/dividendathlete.com\/\" target=\"_blank\" rel=\"noopener\">Dividend Athlete O\u00dc<\/a> , Founder\/CEO<\/strong><\/em>[\/vc_column_text][\/qode_elements_holder_item][\/qode_elements_holder][\/vc_column][\/vc_row][vc_row css_animation=&#8221;&#8221; row_type=&#8221;row&#8221; use_row_as_full_screen_section=&#8221;no&#8221; type=&#8221;grid&#8221; angled_section=&#8221;no&#8221; text_align=&#8221;left&#8221; background_image_as_pattern=&#8221;without_pattern&#8221; z_index=&#8221;&#8221; background_color=&#8221;#f6f6f6&#8243; padding_top=&#8221;20&#8243; padding_bottom=&#8221;20&#8243;][vc_column][qode_elements_holder background_color=&#8221;#ffffff&#8221; number_of_columns=&#8221;two_columns&#8221; columns_proportion=&#8221;25_75&#8243;][qode_elements_holder_item advanced_animations=&#8221;no&#8221; item_padding=&#8221;60px&#8221;][vc_single_image image=&#8221;722&#8243; img_size=&#8221;full&#8221; qode_css_animation=&#8221;&#8221;][\/qode_elements_holder_item][qode_elements_holder_item advanced_animations=&#8221;no&#8221; item_padding=&#8221;20px&#8221;][vc_column_text]\u201cI am very satisfied with the service and I gladly recommend Ederly raamatupidajad to everyone who needs professional accounting services. The team is quick to respond, helpful, and all questions posed always receive answers. I highly value partners who are always ready to think along. This shows commitment and makes me feel valued as a customer. \u201c<\/p>\n<p><em><strong>Annika Kiirend &#8211; <a href=\"https:\/\/www.blummin.ee\/\" target=\"_blank\" rel=\"noopener\">EA Group O\u00dc<\/a> , CEO<\/strong><\/em>[\/vc_column_text][\/qode_elements_holder_item][\/qode_elements_holder][\/vc_column][\/vc_row][vc_row css_animation=&#8221;&#8221; row_type=&#8221;row&#8221; use_row_as_full_screen_section=&#8221;no&#8221; type=&#8221;grid&#8221; angled_section=&#8221;no&#8221; text_align=&#8221;left&#8221; background_image_as_pattern=&#8221;without_pattern&#8221; z_index=&#8221;&#8221; background_color=&#8221;#f6f6f6&#8243; padding_top=&#8221;20&#8243; padding_bottom=&#8221;20&#8243;][vc_column][qode_elements_holder background_color=&#8221;#ffffff&#8221; number_of_columns=&#8221;two_columns&#8221; columns_proportion=&#8221;25_75&#8243;][qode_elements_holder_item advanced_animations=&#8221;no&#8221; item_padding=&#8221;60px&#8221;][vc_single_image image=&#8221;720&#8243; img_size=&#8221;full&#8221; qode_css_animation=&#8221;&#8221;][\/qode_elements_holder_item][qode_elements_holder_item advanced_animations=&#8221;no&#8221; item_padding=&#8221;20px&#8221;][vc_column_text]\u201cWe have been collaborating for quite a few years now and are very satisfied with the service. Even our most complex problems are always solved professionally.\u201d<\/p>\n<p><strong><em>Ivar Nelk &#8211; <a href=\"https:\/\/yesbus.ee\/et\/esileht\/\" target=\"_blank\" rel=\"noopener\">YesBus O\u00dc,<\/a> CEO<\/em><\/strong>[\/vc_column_text][\/qode_elements_holder_item][\/qode_elements_holder][\/vc_column][\/vc_row][vc_row css_animation=&#8221;&#8221; row_type=&#8221;row&#8221; use_row_as_full_screen_section=&#8221;no&#8221; type=&#8221;grid&#8221; angled_section=&#8221;no&#8221; text_align=&#8221;left&#8221; background_image_as_pattern=&#8221;without_pattern&#8221; z_index=&#8221;&#8221; background_color=&#8221;#f6f6f6&#8243; padding_top=&#8221;20&#8243; padding_bottom=&#8221;20&#8243;][vc_column][qode_elements_holder background_color=&#8221;#ffffff&#8221; number_of_columns=&#8221;two_columns&#8221; columns_proportion=&#8221;25_75&#8243;][qode_elements_holder_item advanced_animations=&#8221;no&#8221; item_padding=&#8221;60px&#8221;][vc_single_image image=&#8221;728&#8243; img_size=&#8221;full&#8221; qode_css_animation=&#8221;&#8221;][\/qode_elements_holder_item][qode_elements_holder_item advanced_animations=&#8221;no&#8221; item_padding=&#8221;20px&#8221;][vc_column_text]\u201cI am very satisfied with the company&#8217;s cooperation. Answers to all questions always come immediately, and reports are dealt with within a few days. An excellent and reliable company with whom we will definitely continue to work for many more years.\u201d<\/p>\n<p><strong><em>K\u00e4tlin Gr\u00f6\u00f6n &#8211; <a href=\"https:\/\/jalavari.ee\/\" target=\"_blank\" rel=\"noopener\">Jalavari O\u00dc<\/a> , CEO<\/em><\/strong>[\/vc_column_text][\/qode_elements_holder_item][\/qode_elements_holder][\/vc_column][\/vc_row][vc_row css_animation=&#8221;&#8221; row_type=&#8221;row&#8221; use_row_as_full_screen_section=&#8221;no&#8221; type=&#8221;grid&#8221; angled_section=&#8221;no&#8221; text_align=&#8221;left&#8221; background_image_as_pattern=&#8221;without_pattern&#8221; z_index=&#8221;&#8221; background_color=&#8221;#f6f6f6&#8243; padding_top=&#8221;20&#8243; padding_bottom=&#8221;20&#8243;][vc_column][qode_elements_holder background_color=&#8221;#ffffff&#8221; number_of_columns=&#8221;two_columns&#8221; columns_proportion=&#8221;25_75&#8243;][qode_elements_holder_item advanced_animations=&#8221;no&#8221; item_padding=&#8221;60px&#8221;][vc_single_image image=&#8221;726&#8243; img_size=&#8221;full&#8221; qode_css_animation=&#8221;&#8221;][\/qode_elements_holder_item][qode_elements_holder_item advanced_animations=&#8221;no&#8221; item_padding=&#8221;20px&#8221;][vc_column_text]\u201cWhen I started my business, accounting seemed to be a simple task, and hiring a full-time specialist would have been a considerable expense. I turned to Ederly for a consultation on how to correctly reflect my company&#8217;s expenses and revenues by myself. As my business grew, I realized that instead of spending hours each week navigating the unknown world of accounting, it would be wiser to focus on the main business and leave finances to specialists. I feel that Ederly raamatupidajad have become part of my company&#8217;s microsystem by now. No matter how far my ventures reach in the future, I am confident that the Ederly&#8217;s team will always be by my side, offering solutions to all my questions.\u201d<\/p>\n<p><strong><em>Kertu-Kai Erm &#8211; <a href=\"https:\/\/www.instagram.com\/shhhcreations\/\" target=\"_blank\" rel=\"noopener\">Fantastico O\u00dc<\/a> , Founder<\/em><\/strong>[\/vc_column_text][\/qode_elements_holder_item][\/qode_elements_holder][\/vc_column][\/vc_row][vc_row css_animation=&#8221;&#8221; row_type=&#8221;row&#8221; use_row_as_full_screen_section=&#8221;no&#8221; type=&#8221;grid&#8221; angled_section=&#8221;no&#8221; text_align=&#8221;left&#8221; background_image_as_pattern=&#8221;without_pattern&#8221; z_index=&#8221;&#8221; background_color=&#8221;#f6f6f6&#8243; padding_top=&#8221;20&#8243; padding_bottom=&#8221;20&#8243;][vc_column][qode_elements_holder background_color=&#8221;#ffffff&#8221; number_of_columns=&#8221;two_columns&#8221; columns_proportion=&#8221;25_75&#8243;][qode_elements_holder_item advanced_animations=&#8221;no&#8221; item_padding=&#8221;60px&#8221;][vc_single_image image=&#8221;735&#8243; img_size=&#8221;full&#8221; qode_css_animation=&#8221;&#8221;][\/qode_elements_holder_item][qode_elements_holder_item advanced_animations=&#8221;no&#8221; item_padding=&#8221;20px&#8221;][vc_column_text]\u201cHara Seilamise Selts is a client of Ederly raamatupidajad for a very simple reason. We value quick and thorough responses in every situation. Even when we discuss the simplest topics related to accounting. We handle our accounting on our own, so operational questions arise very often. All we need to do is write to Ederly, and we get the answers. We recommend Ederly raamatupidajad to all entrepreneurs.\u201d<\/p>\n<p><strong><em>Sandra Liis H\u00e4\u00e4l &#8211; <a href=\"https:\/\/harasadam.ee\/hara-seilamise-selts\/\" target=\"_blank\" rel=\"noopener\">Hara Seilamise Selts<\/a><\/em><\/strong>[\/vc_column_text][\/qode_elements_holder_item][\/qode_elements_holder][\/vc_column][\/vc_row][vc_row css_animation=&#8221;&#8221; row_type=&#8221;row&#8221; use_row_as_full_screen_section=&#8221;no&#8221; type=&#8221;grid&#8221; angled_section=&#8221;no&#8221; text_align=&#8221;left&#8221; background_image_as_pattern=&#8221;without_pattern&#8221; z_index=&#8221;&#8221; background_color=&#8221;#f6f6f6&#8243; padding_top=&#8221;20&#8243; padding_bottom=&#8221;80&#8243;][vc_column][qode_elements_holder background_color=&#8221;#ffffff&#8221; number_of_columns=&#8221;two_columns&#8221; columns_proportion=&#8221;25_75&#8243;][qode_elements_holder_item advanced_animations=&#8221;no&#8221; item_padding=&#8221;60px&#8221;][vc_single_image image=&#8221;1047&#8243; img_size=&#8221;medium&#8221; qode_css_animation=&#8221;&#8221;][\/qode_elements_holder_item][qode_elements_holder_item advanced_animations=&#8221;no&#8221; item_padding=&#8221;20px&#8221;][vc_column_text]\u201cWe are very satisfied with their work. We have always received answers to our questions, and we appreciate that they are solution-oriented. I could say that speed and accuracy are also key words that are of significant value to us regarding their services.\u201d<\/p>\n<p><strong><em>Margit L\u00e4\u00e4ne &#8211; O\u00dc Estmar ML, Member of the Board<\/em><\/strong>[\/vc_column_text][\/qode_elements_holder_item][\/qode_elements_holder][\/vc_column][\/vc_row][vc_row css_animation=&#8221;&#8221; row_type=&#8221;row&#8221; use_row_as_full_screen_section=&#8221;no&#8221; type=&#8221;grid&#8221; angled_section=&#8221;no&#8221; text_align=&#8221;left&#8221; background_image_as_pattern=&#8221;without_pattern&#8221; z_index=&#8221;&#8221; background_color=&#8221;#f6f6f6&#8243; padding_top=&#8221;20&#8243; padding_bottom=&#8221;80&#8243;][vc_column][qode_elements_holder background_color=&#8221;#ffffff&#8221; number_of_columns=&#8221;two_columns&#8221; columns_proportion=&#8221;25_75&#8243;][qode_elements_holder_item advanced_animations=&#8221;no&#8221; item_padding=&#8221;60px&#8221;][vc_single_image image=&#8221;1046&#8243; img_size=&#8221;medium&#8221; qode_css_animation=&#8221;&#8221;][\/qode_elements_holder_item][qode_elements_holder_item advanced_animations=&#8221;no&#8221; item_padding=&#8221;20px&#8221;][vc_column_text]\u201cI ordered the annual report from Ederly raamatupidajad. I was very satisfied with the service. The entire process was fast and professional.\u201d<\/p>\n<p><strong><em>Janek K\u00fcnnapuu &#8211; K\u00fcnnapuu O\u00dc, Member of the Board<\/em><\/strong>[\/vc_column_text][\/qode_elements_holder_item][\/qode_elements_holder][\/vc_column][\/vc_row]<\/p>\n<\/div>","protected":false},"excerpt":{"rendered":"<p>[vc_row css_animation=&#8221;&#8221; row_type=&#8221;row&#8221; use_row_as_full_screen_section=&#8221;no&#8221; type=&#8221;grid&#8221; angled_section=&#8221;no&#8221; text_align=&#8221;left&#8221; background_image_as_pattern=&#8221;without_pattern&#8221; z_index=&#8221;&#8221; background_color=&#8221;#f6f6f6&#8243; padding_top=&#8221;80&#8243; padding_bottom=&#8221;20&#8243;][vc_column][qode_elements_holder background_color=&#8221;#ffffff&#8221; number_of_columns=&#8221;two_columns&#8221; columns_proportion=&#8221;25_75&#8243;][qode_elements_holder_item advanced_animations=&#8221;no&#8221; item_padding=&#8221;60px&#8221;][vc_single_image image=&#8221;724&#8243; img_size=&#8221;full&#8221; qode_css_animation=&#8221;&#8221;][\/qode_elements_holder_item][qode_elements_holder_item advanced_animations=&#8221;no&#8221; item_padding=&#8221;20px&#8221;][vc_column_text]\u201cThe support from Ederly raamatupidajad helps me focus on growing my business, knowing that the accounting is well taken care of and that competent&#8230;<\/p>\n","protected":false},"author":3,"featured_media":0,"parent":0,"menu_order":0,"comment_status":"closed","ping_status":"closed","template":"full_width.php","meta":{"footnotes":""},"class_list":["post-574","page","type-page","status-publish","hentry"],"_links":{"self":[{"href":"https:\/\/eraamatupidajad.ee\/en\/wp-json\/wp\/v2\/pages\/574","targetHints":{"allow":["GET"]}}],"collection":[{"href":"https:\/\/eraamatupidajad.ee\/en\/wp-json\/wp\/v2\/pages"}],"about":[{"href":"https:\/\/eraamatupidajad.ee\/en\/wp-json\/wp\/v2\/types\/page"}],"author":[{"embeddable":true,"href":"https:\/\/eraamatupidajad.ee\/en\/wp-json\/wp\/v2\/users\/3"}],"replies":[{"embeddable":true,"href":"https:\/\/eraamatupidajad.ee\/en\/wp-json\/wp\/v2\/comments?post=574"}],"version-history":[{"count":38,"href":"https:\/\/eraamatupidajad.ee\/en\/wp-json\/wp\/v2\/pages\/574\/revisions"}],"predecessor-version":[{"id":1050,"href":"https:\/\/eraamatupidajad.ee\/en\/wp-json\/wp\/v2\/pages\/574\/revisions\/1050"}],"wp:attachment":[{"href":"https:\/\/eraamatupidajad.ee\/en\/wp-json\/wp\/v2\/media?parent=574"}],"curies":[{"name":"wp","href":"https:\/\/api.w.org\/{rel}","templated":true}]}}